{"id":14,"date":"2022-05-10T07:58:48","date_gmt":"2022-05-10T05:58:48","guid":{"rendered":"http:\/\/test.gassnerkalbfleisch.at\/contact-us\/"},"modified":"2025-04-27T09:05:41","modified_gmt":"2025-04-27T07:05:41","slug":"kontakt","status":"publish","type":"page","link":"https:\/\/www.gassnerkalbfleisch.at\/en\/kontakt\/","title":{"rendered":"Contact"},"content":{"rendered":"<div data-elementor-type=\"wp-page\" data-elementor-id=\"14\" class=\"elementor elementor-14\" data-elementor-post-type=\"page\">\n\t\t\t\t\t\t<section class=\"elementor-section elementor-top-section elementor-element elementor-element-58217120 elementor-section-content-middle elementor-reverse-mobile elementor-section-boxed elementor-section-height-default elementor-section-height-default\" data-id=\"58217120\" data-element_type=\"section\" data-e-type=\"section\">\n\t\t\t\t\t\t<div class=\"elementor-container elementor-column-gap-no\">\n\t\t\t\t\t<div class=\"elementor-column elementor-col-100 elementor-top-column elementor-element elementor-element-1c6c06ba\" data-id=\"1c6c06ba\" data-element_type=\"column\" data-e-type=\"column\">\n\t\t\t<div class=\"elementor-widget-wrap elementor-element-populated\">\n\t\t\t\t\t\t<div class=\"elementor-element elementor-element-3222c355 elementor-widget elementor-widget-heading\" data-id=\"3222c355\" data-element_type=\"widget\" data-e-type=\"widget\" data-widget_type=\"heading.default\">\n\t\t\t\t<div class=\"elementor-widget-container\">\n\t\t\t\t\t<h3 class=\"elementor-heading-title elementor-size-default\">Fragen oder Anregungen?<\/h3>\t\t\t\t<\/div>\n\t\t\t\t<\/div>\n\t\t\t\t<div class=\"elementor-element elementor-element-48918867 elementor-widget elementor-widget-text-editor\" data-id=\"48918867\" data-element_type=\"widget\" data-e-type=\"widget\" data-widget_type=\"text-editor.default\">\n\t\t\t\t<div class=\"elementor-widget-container\">\n\t\t\t\t\t\t\t\t\t<p>Die Gassner GmbH steht seit \u00fcber 65 Jahren f\u00fcr herausragende Qualit\u00e4t wenn es um Kalbfleisch geht. Wenn Sie auf der Suche nach einem starken Partner im Kalbfleischsektor sind, dann sind Sie bei uns genau richtig. Das Team der Gassner GmbH steht Ihnen mit Rat und Tat zur Seite. Sollten Sie Fragen oder Anregungen haben, schreiben Sie uns gerne eine Email oder rufen Sie uns an. Unsere Kontaktdaten finden Sie auf dieser Seite.<\/p>\t\t\t\t\t\t\t\t<\/div>\n\t\t\t\t<\/div>\n\t\t\t\t\t<\/div>\n\t\t<\/div>\n\t\t\t\t\t<\/div>\n\t\t<\/section>\n\t\t\t\t<section class=\"elementor-section elementor-top-section elementor-element elementor-element-8e627ae elementor-section-content-middle elementor-section-boxed elementor-section-height-default elementor-section-height-default\" data-id=\"8e627ae\" data-element_type=\"section\" data-e-type=\"section\">\n\t\t\t\t\t\t<div class=\"elementor-container elementor-column-gap-no\">\n\t\t\t\t\t<div class=\"elementor-column elementor-col-50 elementor-top-column elementor-element elementor-element-c8b5c11\" data-id=\"c8b5c11\" data-element_type=\"column\" data-e-type=\"column\">\n\t\t\t<div class=\"elementor-widget-wrap elementor-element-populated\">\n\t\t\t\t\t\t<div class=\"elementor-element elementor-element-d71fb0f elementor-widget elementor-widget-text-editor\" data-id=\"d71fb0f\" data-element_type=\"widget\" data-e-type=\"widget\" data-widget_type=\"text-editor.default\">\n\t\t\t\t<div class=\"elementor-widget-container\">\n\t\t\t\t\t\t\t\t\t<p><strong>Office Graz<\/strong><br \/>Rohrbachh\u00f6he 23,<br \/>8010 Graz<br \/>Tel.: 0316\/39 10 10<br \/>Fax: 0316\/39 10 10 99<br \/>Email: graz@gassnerkalbfleisch.at<\/p>\t\t\t\t\t\t\t\t<\/div>\n\t\t\t\t<\/div>\n\t\t\t\t\t<\/div>\n\t\t<\/div>\n\t\t\t\t<div class=\"elementor-column elementor-col-50 elementor-top-column elementor-element elementor-element-057b8e5\" data-id=\"057b8e5\" data-element_type=\"column\" data-e-type=\"column\">\n\t\t\t<div class=\"elementor-widget-wrap elementor-element-populated\">\n\t\t\t\t\t\t<div class=\"elementor-element elementor-element-aaac9be elementor-widget elementor-widget-text-editor\" data-id=\"aaac9be\" data-element_type=\"widget\" data-e-type=\"widget\" data-widget_type=\"text-editor.default\">\n\t\t\t\t<div class=\"elementor-widget-container\">\n\t\t\t\t\t\t\t\t\t<p><strong>Office Weiz<\/strong><br \/>Werksweg 102a,<br \/>8160 Weiz<br \/>Tel.: 03172\/46 10 10<br \/>Fax: 03172\/46 10 1 99<br \/>Email: weiz@gassnerkalbfleisch.at<\/p>\t\t\t\t\t\t\t\t<\/div>\n\t\t\t\t<\/div>\n\t\t\t\t\t<\/div>\n\t\t<\/div>\n\t\t\t\t\t<\/div>\n\t\t<\/section>\n\t\t\t\t<section class=\"elementor-section elementor-top-section elementor-element elementor-element-48d2c0ab elementor-section-content-middle elementor-section-boxed elementor-section-height-default elementor-section-height-default\" data-id=\"48d2c0ab\" data-element_type=\"section\" data-e-type=\"section\">\n\t\t\t\t\t\t<div class=\"elementor-container elementor-column-gap-no\">\n\t\t\t\t\t<div class=\"elementor-column elementor-col-100 elementor-top-column elementor-element elementor-element-6b6afac\" data-id=\"6b6afac\" data-element_type=\"column\" data-e-type=\"column\">\n\t\t\t<div class=\"elementor-widget-wrap elementor-element-populated\">\n\t\t\t\t\t\t<div class=\"elementor-element elementor-element-7b7db9f7 elementor-widget elementor-widget-heading\" data-id=\"7b7db9f7\" data-element_type=\"widget\" data-e-type=\"widget\" data-widget_type=\"heading.default\">\n\t\t\t\t<div class=\"elementor-widget-container\">\n\t\t\t\t\t<h3 class=\"elementor-heading-title elementor-size-default\">Contact us!<\/h3>\t\t\t\t<\/div>\n\t\t\t\t<\/div>\n\t\t\t\t<section class=\"elementor-section elementor-inner-section elementor-element elementor-element-475bc6bb elementor-section-content-middle elementor-section-boxed elementor-section-height-default elementor-section-height-default\" data-id=\"475bc6bb\" data-element_type=\"section\" data-e-type=\"section\">\n\t\t\t\t\t\t<div class=\"elementor-container elementor-column-gap-no\">\n\t\t\t\t\t<div class=\"elementor-column elementor-col-50 elementor-inner-column elementor-element elementor-element-5e0971b1\" data-id=\"5e0971b1\" data-element_type=\"column\" data-e-type=\"column\">\n\t\t\t<div class=\"elementor-widget-wrap elementor-element-populated\">\n\t\t\t\t\t\t<div class=\"elementor-element elementor-element-9d56c54 elementor-widget elementor-widget-premium-contact-form\" data-id=\"9d56c54\" data-element_type=\"widget\" data-e-type=\"widget\" data-widget_type=\"premium-contact-form.default\">\n\t\t\t\t<div class=\"elementor-widget-container\">\n\t\t\t\t\t\n\t\t\t\n\t\t\t<div class=\"premium-cf7-container\" data-settings=\"{&quot;fields_glass&quot;:&quot;none&quot;,&quot;submit_glass&quot;:&quot;none&quot;}\">\n\t\t\t\t\n<div class=\"wpcf7 no-js\" id=\"wpcf7-f2579-o1\" lang=\"de-AT\" dir=\"ltr\" data-wpcf7-id=\"2579\">\n<div class=\"screen-reader-response\"><p role=\"status\" aria-live=\"polite\" aria-atomic=\"true\"><\/p> <ul><\/ul><\/div>\n<form action=\"\/en\/wp-json\/wp\/v2\/pages\/14#wpcf7-f2579-o1\" method=\"post\" class=\"wpcf7-form init\" aria-label=\"Contact form\" novalidate=\"novalidate\" data-status=\"init\" data-trp-original-action=\"\/en\/wp-json\/wp\/v2\/pages\/14#wpcf7-f2579-o1\">\n<fieldset class=\"hidden-fields-container\"><input type=\"hidden\" name=\"_wpcf7\" value=\"2579\" \/><input type=\"hidden\" name=\"_wpcf7_version\" value=\"6.1.2\" \/><input type=\"hidden\" name=\"_wpcf7_locale\" value=\"de_AT\" \/><input type=\"hidden\" name=\"_wpcf7_unit_tag\" value=\"wpcf7-f2579-o1\" \/><input type=\"hidden\" name=\"_wpcf7_container_post\" value=\"0\" \/><input type=\"hidden\" name=\"_wpcf7_posted_data_hash\" value=\"\" \/><input type=\"hidden\" name=\"_wpcf7_recaptcha_response\" value=\"\" \/>\n<\/fieldset>\n<p><label> Ihr Name<br \/>\n<span class=\"wpcf7-form-control-wrap\" data-name=\"Ihr\"><input size=\"40\" maxlength=\"400\" class=\"wpcf7-form-control wpcf7-text wpcf7-validates-as-required\" autocomplete=\"name\" aria-required=\"true\" aria-invalid=\"false\" value=\"\" type=\"text\" name=\"Ihr\" \/><\/span> <\/label>\n<\/p>\n<p><label> Ihre Firma (optional)<br \/>\n<span class=\"wpcf7-form-control-wrap\" data-name=\"Ihre\"><input size=\"40\" maxlength=\"400\" class=\"wpcf7-form-control wpcf7-text\" autocomplete=\"name\" aria-invalid=\"false\" value=\"\" type=\"text\" name=\"Ihre\" \/><\/span> <\/label>\n<\/p>\n<p><label> Ihre E-Mail Adresse<br \/>\n<span class=\"wpcf7-form-control-wrap\" data-name=\"Ihre\"><input size=\"40\" maxlength=\"400\" class=\"wpcf7-form-control wpcf7-email wpcf7-validates-as-required wpcf7-text wpcf7-validates-as-email\" autocomplete=\"email\" aria-required=\"true\" aria-invalid=\"false\" value=\"\" type=\"email\" name=\"Ihre\" \/><\/span> <\/label>\n<\/p>\n<p><label> Betreff<br \/>\n<span class=\"wpcf7-form-control-wrap\" data-name=\"Betreff\"><input size=\"40\" maxlength=\"400\" class=\"wpcf7-form-control wpcf7-text wpcf7-validates-as-required\" aria-required=\"true\" aria-invalid=\"false\" value=\"\" type=\"text\" name=\"Betreff\" \/><\/span> <\/label>\n<\/p>\n<p><label> Message<br \/>\n<span class=\"wpcf7-form-control-wrap\" data-name=\"Nachricht\"><textarea cols=\"40\" rows=\"10\" maxlength=\"2000\" class=\"wpcf7-form-control wpcf7-textarea wpcf7-validates-as-required\" aria-required=\"true\" aria-invalid=\"false\" name=\"Nachricht\"><\/textarea><\/span> <\/label>\n<\/p>\n<p><input class=\"wpcf7-form-control wpcf7-submit has-spinner\" type=\"submit\" value=\"Send\" \/>\n<\/p><div class=\"wpcf7-response-output\" aria-hidden=\"true\"><\/div>\n<input type=\"hidden\" name=\"trp-form-language\" value=\"en\"\/><\/form>\n<\/div>\n\t\t\t<\/div>\n\n\t\t\t\t\t\t\t<\/div>\n\t\t\t\t<\/div>\n\t\t\t\t\t<\/div>\n\t\t<\/div>\n\t\t\t\t<div class=\"elementor-column elementor-col-50 elementor-inner-column elementor-element elementor-element-53a5d685\" data-id=\"53a5d685\" data-element_type=\"column\" data-e-type=\"column\" data-settings=\"{&quot;background_background&quot;:&quot;classic&quot;}\">\n\t\t\t<div class=\"elementor-widget-wrap elementor-element-populated\">\n\t\t\t\t\t\t<div class=\"elementor-element elementor-element-2159721a elementor-view-default elementor-position-block-start elementor-mobile-position-block-start elementor-widget elementor-widget-icon-box\" data-id=\"2159721a\" data-element_type=\"widget\" data-e-type=\"widget\" data-widget_type=\"icon-box.default\">\n\t\t\t\t<div class=\"elementor-widget-container\">\n\t\t\t\t\t\t\t<div class=\"elementor-icon-box-wrapper\">\n\n\t\t\t\t\t\t<div class=\"elementor-icon-box-icon\">\n\t\t\t\t<span  class=\"elementor-icon\">\n\t\t\t\t<i aria-hidden=\"true\" class=\"fas fa-phone\"><\/i>\t\t\t\t<\/span>\n\t\t\t<\/div>\n\t\t\t\n\t\t\t\t\t\t<div class=\"elementor-icon-box-content\">\n\n\t\t\t\t\t\t\t\t\t<h3 class=\"elementor-icon-box-title\">\n\t\t\t\t\t\t<span  >\n\t\t\t\t\t\t\t+43-(0)316 \/ 39 10 10\t\t\t\t\t\t<\/span>\n\t\t\t\t\t<\/h3>\n\t\t\t\t\n\t\t\t\t\n\t\t\t<\/div>\n\t\t\t\n\t\t<\/div>\n\t\t\t\t\t\t<\/div>\n\t\t\t\t<\/div>\n\t\t\t\t<div class=\"elementor-element elementor-element-1b9b89ed elementor-widget elementor-widget-text-editor\" data-id=\"1b9b89ed\" data-element_type=\"widget\" data-e-type=\"widget\" data-widget_type=\"text-editor.default\">\n\t\t\t\t<div class=\"elementor-widget-container\">\n\t\t\t\t\t\t\t\t\t<p><strong>Adresse: <\/strong>Rohrbachh\u00f6he 23, 8010 Graz, \u00d6sterreich<\/p>\t\t\t\t\t\t\t\t<\/div>\n\t\t\t\t<\/div>\n\t\t\t\t<div class=\"elementor-element elementor-element-48e5577b elementor-widget elementor-widget-text-editor\" data-id=\"48e5577b\" data-element_type=\"widget\" data-e-type=\"widget\" data-widget_type=\"text-editor.default\">\n\t\t\t\t<div class=\"elementor-widget-container\">\n\t\t\t\t\t\t\t\t\t<p><strong>Email: <\/strong>graz@gassnerkalbfleisch.at<\/p>\t\t\t\t\t\t\t\t<\/div>\n\t\t\t\t<\/div>\n\t\t\t\t\t<\/div>\n\t\t<\/div>\n\t\t\t\t\t<\/div>\n\t\t<\/section>\n\t\t\t\t\t<\/div>\n\t\t<\/div>\n\t\t\t\t\t<\/div>\n\t\t<\/section>\n\t\t\t\t<\/div>","protected":false},"excerpt":{"rendered":"<p>Fragen oder Anregungen? Die Gassner GmbH steht seit \u00fcber 65 Jahren f\u00fcr herausragende Qualit\u00e4t wenn es um Kalbfleisch geht. Wenn Sie auf der Suche nach einem starken Partner im Kalbfleischsektor sind, dann sind Sie bei uns genau richtig. Das Team der Gassner GmbH steht Ihnen mit Rat und Tat zur Seite. Sollten Sie Fragen oder [&hellip;]<\/p>\n","protected":false},"author":1,"featured_media":0,"parent":0,"menu_order":0,"comment_status":"closed","ping_status":"closed","template":"elementor_header_footer","meta":{"footnotes":""},"class_list":["post-14","page","type-page","status-publish","hentry"],"yoast_head":"<!-- This site is optimized with the Yoast SEO plugin v27.5 - https:\/\/yoast.com\/product\/yoast-seo-wordpress\/ -->\n<title>Kontakt - Gassner GmbH - Bestes Kalbfleisch<\/title>\n<meta name=\"description\" content=\"Kontaktieren Sie die Gassner GmbH! Email: graz@gassnerkalbfleisch.at | Tel: 0316 \/ 39 10 10 | Rohrbachh\u00f6he 23, 8010 Graz\" \/>\n<meta name=\"robots\" content=\"index, follow, max-snippet:-1, max-image-preview:large, max-video-preview:-1\" \/>\n<link rel=\"canonical\" href=\"https:\/\/www.gassnerkalbfleisch.at\/en\/kontakt\/\" \/>\n<meta property=\"og:locale\" content=\"en_US\" \/>\n<meta property=\"og:type\" content=\"article\" \/>\n<meta property=\"og:title\" content=\"Kontakt - Gassner GmbH - Bestes Kalbfleisch\" \/>\n<meta property=\"og:description\" content=\"Kontaktieren Sie die Gassner GmbH! Email: graz@gassnerkalbfleisch.at | Tel: 0316 \/ 39 10 10 | Rohrbachh\u00f6he 23, 8010 Graz\" \/>\n<meta property=\"og:url\" content=\"https:\/\/www.gassnerkalbfleisch.at\/en\/kontakt\/\" \/>\n<meta property=\"og:site_name\" content=\"Gassner GmbH - Bestes Kalbfleisch\" \/>\n<meta property=\"article:modified_time\" content=\"2025-04-27T07:05:41+00:00\" \/>\n<meta name=\"twitter:card\" content=\"summary_large_image\" \/>\n<meta name=\"twitter:label1\" content=\"Est. reading time\" \/>\n\t<meta name=\"twitter:data1\" content=\"1 minute\" \/>\n<script type=\"application\/ld+json\" class=\"yoast-schema-graph\">{\"@context\":\"https:\\\/\\\/schema.org\",\"@graph\":[{\"@type\":\"WebPage\",\"@id\":\"https:\\\/\\\/www.gassnerkalbfleisch.at\\\/kontakt\\\/\",\"url\":\"https:\\\/\\\/www.gassnerkalbfleisch.at\\\/kontakt\\\/\",\"name\":\"Kontakt - Gassner GmbH - Bestes Kalbfleisch\",\"isPartOf\":{\"@id\":\"https:\\\/\\\/www.gassnerkalbfleisch.at\\\/#website\"},\"datePublished\":\"2022-05-10T05:58:48+00:00\",\"dateModified\":\"2025-04-27T07:05:41+00:00\",\"description\":\"Kontaktieren Sie die Gassner GmbH! Email: graz@gassnerkalbfleisch.at | Tel: 0316 \\\/ 39 10 10 | Rohrbachh\u00f6he 23, 8010 Graz\",\"breadcrumb\":{\"@id\":\"https:\\\/\\\/www.gassnerkalbfleisch.at\\\/kontakt\\\/#breadcrumb\"},\"inLanguage\":\"en-US\",\"potentialAction\":[{\"@type\":\"ReadAction\",\"target\":[\"https:\\\/\\\/www.gassnerkalbfleisch.at\\\/kontakt\\\/\"]}]},{\"@type\":\"BreadcrumbList\",\"@id\":\"https:\\\/\\\/www.gassnerkalbfleisch.at\\\/kontakt\\\/#breadcrumb\",\"itemListElement\":[{\"@type\":\"ListItem\",\"position\":1,\"name\":\"Startseite\",\"item\":\"https:\\\/\\\/www.gassnerkalbfleisch.at\\\/\"},{\"@type\":\"ListItem\",\"position\":2,\"name\":\"Kontakt\"}]},{\"@type\":\"WebSite\",\"@id\":\"https:\\\/\\\/www.gassnerkalbfleisch.at\\\/#website\",\"url\":\"https:\\\/\\\/www.gassnerkalbfleisch.at\\\/\",\"name\":\"Gassner GmbH - Bestes Kalbfleisch\",\"description\":\"Gassner GmbH - Bestes Kalbfleisch\",\"publisher\":{\"@id\":\"https:\\\/\\\/www.gassnerkalbfleisch.at\\\/#organization\"},\"potentialAction\":[{\"@type\":\"SearchAction\",\"target\":{\"@type\":\"EntryPoint\",\"urlTemplate\":\"https:\\\/\\\/www.gassnerkalbfleisch.at\\\/?s={search_term_string}\"},\"query-input\":{\"@type\":\"PropertyValueSpecification\",\"valueRequired\":true,\"valueName\":\"search_term_string\"}}],\"inLanguage\":\"en-US\"},{\"@type\":\"Organization\",\"@id\":\"https:\\\/\\\/www.gassnerkalbfleisch.at\\\/#organization\",\"name\":\"Gassner GmbH - Bestes Kalbfleisch\",\"url\":\"https:\\\/\\\/www.gassnerkalbfleisch.at\\\/\",\"logo\":{\"@type\":\"ImageObject\",\"inLanguage\":\"en-US\",\"@id\":\"https:\\\/\\\/www.gassnerkalbfleisch.at\\\/#\\\/schema\\\/logo\\\/image\\\/\",\"url\":\"https:\\\/\\\/www.gassnerkalbfleisch.at\\\/wp-content\\\/uploads\\\/2022\\\/05\\\/Gassner-GmbH-Logo.svg\",\"contentUrl\":\"https:\\\/\\\/www.gassnerkalbfleisch.at\\\/wp-content\\\/uploads\\\/2022\\\/05\\\/Gassner-GmbH-Logo.svg\",\"width\":676,\"height\":87,\"caption\":\"Gassner GmbH - Bestes Kalbfleisch\"},\"image\":{\"@id\":\"https:\\\/\\\/www.gassnerkalbfleisch.at\\\/#\\\/schema\\\/logo\\\/image\\\/\"}}]}<\/script>\n<!-- \/ Yoast SEO plugin. -->","yoast_head_json":{"title":"Kontakt - Gassner GmbH - Bestes Kalbfleisch","description":"Kontaktieren Sie die Gassner GmbH! Email: graz@gassnerkalbfleisch.at | Tel: 0316 \/ 39 10 10 | Rohrbachh\u00f6he 23, 8010 Graz","robots":{"index":"index","follow":"follow","max-snippet":"max-snippet:-1","max-image-preview":"max-image-preview:large","max-video-preview":"max-video-preview:-1"},"canonical":"https:\/\/www.gassnerkalbfleisch.at\/en\/kontakt\/","og_locale":"en_US","og_type":"article","og_title":"Kontakt - Gassner GmbH - Bestes Kalbfleisch","og_description":"Kontaktieren Sie die Gassner GmbH! Email: graz@gassnerkalbfleisch.at | Tel: 0316 \/ 39 10 10 | Rohrbachh\u00f6he 23, 8010 Graz","og_url":"https:\/\/www.gassnerkalbfleisch.at\/en\/kontakt\/","og_site_name":"Gassner GmbH - Bestes Kalbfleisch","article_modified_time":"2025-04-27T07:05:41+00:00","twitter_card":"summary_large_image","twitter_misc":{"Est. reading time":"1 minute"},"schema":{"@context":"https:\/\/schema.org","@graph":[{"@type":"WebPage","@id":"https:\/\/www.gassnerkalbfleisch.at\/kontakt\/","url":"https:\/\/www.gassnerkalbfleisch.at\/kontakt\/","name":"Kontakt - Gassner GmbH - Bestes Kalbfleisch","isPartOf":{"@id":"https:\/\/www.gassnerkalbfleisch.at\/#website"},"datePublished":"2022-05-10T05:58:48+00:00","dateModified":"2025-04-27T07:05:41+00:00","description":"Kontaktieren Sie die Gassner GmbH! Email: graz@gassnerkalbfleisch.at | Tel: 0316 \/ 39 10 10 | Rohrbachh\u00f6he 23, 8010 Graz","breadcrumb":{"@id":"https:\/\/www.gassnerkalbfleisch.at\/kontakt\/#breadcrumb"},"inLanguage":"en-US","potentialAction":[{"@type":"ReadAction","target":["https:\/\/www.gassnerkalbfleisch.at\/kontakt\/"]}]},{"@type":"BreadcrumbList","@id":"https:\/\/www.gassnerkalbfleisch.at\/kontakt\/#breadcrumb","itemListElement":[{"@type":"ListItem","position":1,"name":"Startseite","item":"https:\/\/www.gassnerkalbfleisch.at\/"},{"@type":"ListItem","position":2,"name":"Kontakt"}]},{"@type":"WebSite","@id":"https:\/\/www.gassnerkalbfleisch.at\/#website","url":"https:\/\/www.gassnerkalbfleisch.at\/","name":"Gassner GmbH - Bestes Kalbfleisch","description":"Gassner GmbH - Bestes Kalbfleisch","publisher":{"@id":"https:\/\/www.gassnerkalbfleisch.at\/#organization"},"potentialAction":[{"@type":"SearchAction","target":{"@type":"EntryPoint","urlTemplate":"https:\/\/www.gassnerkalbfleisch.at\/?s={search_term_string}"},"query-input":{"@type":"PropertyValueSpecification","valueRequired":true,"valueName":"search_term_string"}}],"inLanguage":"en-US"},{"@type":"Organization","@id":"https:\/\/www.gassnerkalbfleisch.at\/#organization","name":"Gassner GmbH - Bestes Kalbfleisch","url":"https:\/\/www.gassnerkalbfleisch.at\/","logo":{"@type":"ImageObject","inLanguage":"en-US","@id":"https:\/\/www.gassnerkalbfleisch.at\/#\/schema\/logo\/image\/","url":"https:\/\/www.gassnerkalbfleisch.at\/wp-content\/uploads\/2022\/05\/Gassner-GmbH-Logo.svg","contentUrl":"https:\/\/www.gassnerkalbfleisch.at\/wp-content\/uploads\/2022\/05\/Gassner-GmbH-Logo.svg","width":676,"height":87,"caption":"Gassner GmbH - Bestes Kalbfleisch"},"image":{"@id":"https:\/\/www.gassnerkalbfleisch.at\/#\/schema\/logo\/image\/"}}]}},"_links":{"self":[{"href":"https:\/\/www.gassnerkalbfleisch.at\/en\/wp-json\/wp\/v2\/pages\/14","targetHints":{"allow":["GET"]}}],"collection":[{"href":"https:\/\/www.gassnerkalbfleisch.at\/en\/wp-json\/wp\/v2\/pages"}],"about":[{"href":"https:\/\/www.gassnerkalbfleisch.at\/en\/wp-json\/wp\/v2\/types\/page"}],"author":[{"embeddable":true,"href":"https:\/\/www.gassnerkalbfleisch.at\/en\/wp-json\/wp\/v2\/users\/1"}],"replies":[{"embeddable":true,"href":"https:\/\/www.gassnerkalbfleisch.at\/en\/wp-json\/wp\/v2\/comments?post=14"}],"version-history":[{"count":81,"href":"https:\/\/www.gassnerkalbfleisch.at\/en\/wp-json\/wp\/v2\/pages\/14\/revisions"}],"predecessor-version":[{"id":2694,"href":"https:\/\/www.gassnerkalbfleisch.at\/en\/wp-json\/wp\/v2\/pages\/14\/revisions\/2694"}],"wp:attachment":[{"href":"https:\/\/www.gassnerkalbfleisch.at\/en\/wp-json\/wp\/v2\/media?parent=14"}],"curies":[{"name":"wp","href":"https:\/\/api.w.org\/{rel}","templated":true}]}}