{"id":264,"date":"2022-05-23T10:56:36","date_gmt":"2022-05-23T08:56:36","guid":{"rendered":"http:\/\/test.gassnerkalbfleisch.at\/?page_id=264"},"modified":"2022-08-31T16:27:12","modified_gmt":"2022-08-31T14:27:12","slug":"impressum-datenschutz","status":"publish","type":"page","link":"https:\/\/www.gassnerkalbfleisch.at\/en\/impressum-datenschutz\/","title":{"rendered":"Impressum &#038; Datenschutz"},"content":{"rendered":"\t\t<div data-elementor-type=\"wp-page\" data-elementor-id=\"264\" class=\"elementor elementor-264\" data-elementor-post-type=\"page\">\n\t\t\t\t\t\t<section class=\"elementor-section elementor-top-section elementor-element elementor-element-e045aec elementor-section-boxed elementor-section-height-default elementor-section-height-default\" data-id=\"e045aec\" data-element_type=\"section\" data-e-type=\"section\">\n\t\t\t\t\t\t<div class=\"elementor-container elementor-column-gap-default\">\n\t\t\t\t\t<div class=\"elementor-column elementor-col-100 elementor-top-column elementor-element elementor-element-926c01f\" data-id=\"926c01f\" data-element_type=\"column\" data-e-type=\"column\">\n\t\t\t<div class=\"elementor-widget-wrap elementor-element-populated\">\n\t\t\t\t\t\t<div class=\"elementor-element elementor-element-f858a3f elementor-widget elementor-widget-heading\" data-id=\"f858a3f\" data-element_type=\"widget\" data-e-type=\"widget\" data-widget_type=\"heading.default\">\n\t\t\t\t<div class=\"elementor-widget-container\">\n\t\t\t\t\t<h2 class=\"elementor-heading-title elementor-size-default\">Impressum<\/h2>\t\t\t\t<\/div>\n\t\t\t\t<\/div>\n\t\t\t\t<div class=\"elementor-element elementor-element-cfaf999 elementor-widget elementor-widget-heading\" data-id=\"cfaf999\" data-element_type=\"widget\" data-e-type=\"widget\" data-widget_type=\"heading.default\">\n\t\t\t\t<div class=\"elementor-widget-container\">\n\t\t\t\t\t<h2 class=\"elementor-heading-title elementor-size-default\"><br><br>Gassner GmbH<br><\/h2>\t\t\t\t<\/div>\n\t\t\t\t<\/div>\n\t\t\t\t<div class=\"elementor-element elementor-element-16c6572 elementor-widget elementor-widget-text-editor\" data-id=\"16c6572\" data-element_type=\"widget\" data-e-type=\"widget\" data-widget_type=\"text-editor.default\">\n\t\t\t\t<div class=\"elementor-widget-container\">\n\t\t\t\t\t\t\t\t\t<div class=\"thn_post_wrap\"><p>\u00a0<\/p><p><strong>B\u00fcro Graz<\/strong><\/p><p>Rohrbachh\u00f6he 23, 8010 Graz<br \/>Tel: 0316\/ 39 10 10<br \/>Fax: 0316\/ 39 10 10 99<br \/>Mail: <a href=\"mailto:graz@gassnerkalbfleisch.at\" target=\"_blank\" rel=\"noopener\">graz@gassnerkalbfleisch.at<\/a><\/p><p><strong>Zerlegebetrieb Weiz<\/strong><\/p><p>Werksweg 102a, 8160 Weiz<br \/>Tel: 03172\/ 46 10 10<br \/>Fax: 03172\/ 46 10 1 99<br \/>Mail: <a href=\"mailto:weiz@gassnerkalbfleisch.at\" target=\"_blank\" rel=\"noopener\">weiz@gassnerkalbfleisch.at<\/a><\/p><p>Inhaber: Gassner Franz<\/p><p>Firmenbuchnummer: FN 33556 y<\/p><p>UID-Nummer: ATU 28722807<\/p><p><strong>I. Grundlegende inhaltliche Richtung von www.gassnerkalbfleisch.at:<\/strong><br \/>Pr\u00e4sentation des Unternehmens\u00a0Gassner GmbH\u00a0Informationen und weiterf\u00fchrende Links zu den von der\u00a0Gassner GmbH, und den Vertriebspartnern angebotenen Produkten und Services<\/p><p class=\"p1\"><strong>II. Haftungsbeschr\u00e4nkung<\/strong><br \/>Die Inhalte dieser Website werden mit gr\u00f6\u00dftm\u00f6glicher Sorgfalt erstellt. Der Anbieter \u00fcbernimmt jedoch keine Gew\u00e4hr f\u00fcr die Richtigkeit, Vollst\u00e4ndigkeit und Aktualit\u00e4t der bereitgestellten Inhalte. Die Nutzung der Inhalte der Website erfolgt auf eigene Gefahr des Nutzers. Namentlich gekennzeichnete Beitr\u00e4ge geben die Meinung des jeweiligen Autors und nicht immer die Meinung des Anbieters wieder. Mit der reinen Nutzung der Website des Anbieters kommt keinerlei Vertragsverh\u00e4ltnis zwischen dem Nutzer und dem Anbieter zustande.<\/p><p class=\"p1\"><strong>III. Externe Links<\/strong><br \/>Diese Website enth\u00e4lt Verkn\u00fcpfungen zu Websites Dritter (\u201cexterne Links\u201d). Diese Websites unterliegen der Haftung der jeweiligen Betreiber. Der Anbieter hat bei der erstmaligen Verkn\u00fcpfung der externen Links die fremden Inhalte daraufhin \u00fcberpr\u00fcft, ob etwaige Rechtsverst\u00f6\u00dfe bestehen. Zu dem Zeitpunkt waren keine Rechtsverst\u00f6\u00dfe ersichtlich. Der Anbieter hat keinerlei Einfluss auf die aktuelle und zuk\u00fcnftige Gestaltung und auf die Inhalte der verkn\u00fcpften Seiten. Das Setzen von externen Links bedeutet nicht, dass sich der Anbieter die hinter dem Verweis oder Link liegenden Inhalte zu Eigen macht. Eine st\u00e4ndige Kontrolle der externen Links ist f\u00fcr den Anbieter ohne konkrete Hinweise auf Rechtsverst\u00f6\u00dfe nicht zumutbar. Bei Kenntnis von Rechtsverst\u00f6\u00dfen werden jedoch derartige externe Links unverz\u00fcglich gel\u00f6scht.<\/p><p class=\"p1\"><strong>IV. Urheber- und Leistungsschutzrechte<\/strong><br \/>Die auf dieser Website ver\u00f6ffentlichten Inhalte unterliegen dem \u00f6sterreichischem Urheber- und Leistungsschutzrecht. Jede vom \u00f6sterreichischem Urheber- und Leistungsschutzrecht nicht zugelassene Verwertung bedarf der vorherigen schriftlichen Zustimmung des Anbieters oder jeweiligen Rechteinhabers. Dies gilt insbesondere f\u00fcr Vervielf\u00e4ltigung, Bearbeitung, \u00dcbersetzung, Einspeicherung, Verarbeitung bzw. Wiedergabe von Inhalten in Datenbanken oder anderen elektronischen Medien und Systemen. Inhalte und Rechte Dritter sind dabei als solche gekennzeichnet. Die unerlaubte Vervielf\u00e4ltigung oder Weitergabe einzelner Inhalte oder kompletter Seiten ist nicht gestattet und strafbar. Lediglich die Herstellung von Kopien und Downloads f\u00fcr den pers\u00f6nlichen, privaten und nicht kommerziellen Gebrauch ist erlaubt.\u00a0Die Darstellung dieser Website in fremden Frames ist nur mit schriftlicher Erlaubnis zul\u00e4ssig.<\/p><p class=\"p1\"><strong>V. Datenschutz<\/strong><\/p><p class=\"p1\">Der Schutz Ihrer pers\u00f6nlichen Daten ist uns ein besonderes Anliegen. Wir verarbeiten Ihre Daten daher ausschlie\u00dflich auf Grundlage der gesetzlichen Bestimmungen (DSGVO, TKG 2003). In diesen Datenschutzinformationen informieren wir Sie \u00fcber die wichtigsten Aspekte der Datenverarbeitung im Rahmen unserer Website.<\/p><p><em>Kontakt mit uns<\/em><\/p><p>Wenn Sie per Formular auf der Website oder per E-Mail Kontakt mit uns aufnehmen, werden Ihre angegebenen Daten zwecks Bearbeitung der Anfrage und f\u00fcr den Fall von Anschlussfragen sechs Monate bei uns gespeichert. Diese Daten geben wir nicht ohne Ihre Einwilligung weiter.<\/p><p><em>Cookies<\/em><\/p><p>Unsere Website verwendet so genannte Cookies. Dabei handelt es sich um kleine Textdateien, die mit Hilfe des Browsers auf Ihrem Endger\u00e4t abgelegt werden. Sie richten keinen Schaden an. Wir nutzen Cookies dazu, unser Angebot nutzerfreundlich zu gestalten. Einige Cookies bleiben auf Ihrem Endger\u00e4t gespeichert, bis Sie diese l\u00f6schen. Sie erm\u00f6glichen es uns, Ihren Browser beim n\u00e4chsten Besuch wiederzuerkennen. Wenn Sie dies nicht w\u00fcnschen, so k\u00f6nnen Sie Ihren Browser so einrichten, dass er Sie \u00fcber das Setzen von Cookies informiert und Sie dies nur im Einzelfall erlauben. Bei der Deaktivierung von Cookies kann die Funktionalit\u00e4t unserer Website eingeschr\u00e4nkt sein.<\/p><p><em>Web-Analyse<\/em><\/p><p>Unsere Website verwendet Funktionen des Webanalysedienstes WP Statistics.<em>\u00a0<\/em>Dazu werden Cookies verwendet, die eine Analyse der Benutzung der Website durch Ihre Benutzer erm\u00f6glicht. Die dadurch erzeugten Informationen werden auf den Server des Anbieters \u00fcbertragen und dort gespeichert. Sie k\u00f6nnen dies verhindern, indem Sie Ihren Browser so einrichten, dass keine Cookies gespeichert werden. Wir haben mit dem Anbieter einen entsprechenden Vertrag zur Auftragsdatenverarbeitung abgeschlossen. Ihre IP-Adresse wird erfasst, aber umgehend [zB durch L\u00f6schung der letzten 8 Bit] pseudonymisiert. Dadurch ist nur mehr eine grobe Lokalisierung m\u00f6glich. Die Datenverarbeitung erfolgt auf Basis der gesetzlichen Bestimmungen des \u00a7 96 Abs 3 TKG sowie des Art 6 Abs 1 lit a (Einwilligung) und\/oder f (berechtigtes Interesse) der DSGVO. Unser Anliegen im Sinne der DSGVO (berechtigtes Interesse) ist die Verbesserung unseres Angebotes und unseres Webauftritts.<\/p><p>Die Nutzerdaten werden f\u00fcr die Dauer von\u00a06 Monate aufbewahrt.<\/p><p><em>Ihre Rechte<\/em><\/p><p>Ihnen stehen grunds\u00e4tzlich die Rechte auf Auskunft, Berichtigung, L\u00f6schung, Einschr\u00e4nkung, Daten\u00fcbertragbarkeit, Widerruf und Widerspruch zu. Wenn Sie glauben, dass die Verarbeitung Ihrer Daten gegen das Datenschutzrecht verst\u00f6\u00dft oder Ihre datenschutzrechtlichen Anspr\u00fcche sonst in einer Weise verletzt worden sind, k\u00f6nnen Sie sich bei der Aufsichtsbeh\u00f6rde beschweren. In \u00d6sterreich ist dies die Datenschutzbeh\u00f6rde.<\/p><p><strong><em>Sie erreichen uns unter folgenden Kontaktdaten:<\/em><\/strong><\/p><p><em>Gertrude Diethard<br \/><\/em>Rohrbachh\u00f6he 23, 8010 Graz<br \/>Tel: +43 316\/391010<br \/>Mail: gertrude.diethard@gassnerkalbfleisch.at<\/p><p>Stand: Mai 2022<\/p><\/div>\t\t\t\t\t\t\t\t<\/div>\n\t\t\t\t<\/div>\n\t\t\t\t\t<\/div>\n\t\t<\/div>\n\t\t\t\t\t<\/div>\n\t\t<\/section>\n\t\t\t\t<\/div>\n\t\t","protected":false},"excerpt":{"rendered":"<p>Impressum Gassner GmbH \u00a0 B\u00fcro Graz Rohrbachh\u00f6he 23, 8010 GrazTel: 0316\/ 39 10 10Fax: 0316\/ 39 10 10 99Mail: graz@gassnerkalbfleisch.at Zerlegebetrieb Weiz Werksweg 102a, 8160 WeizTel: 03172\/ 46 10 10Fax: 03172\/ 46 10 1 99Mail: weiz@gassnerkalbfleisch.at Inhaber: Gassner Franz Firmenbuchnummer: FN 33556 y UID-Nummer: ATU 28722807 I. Grundlegende inhaltliche Richtung von www.gassnerkalbfleisch.at:Pr\u00e4sentation des Unternehmens\u00a0Gassner GmbH\u00a0Informationen [&hellip;]<\/p>\n","protected":false},"author":1,"featured_media":0,"parent":0,"menu_order":0,"comment_status":"closed","ping_status":"closed","template":"elementor_header_footer","meta":{"footnotes":""},"class_list":["post-264","page","type-page","status-publish","hentry"],"yoast_head":"<!-- This site is optimized with the Yoast SEO plugin v27.5 - https:\/\/yoast.com\/product\/yoast-seo-wordpress\/ -->\n<title>Impressum &amp; Datenschutz - Gassner GmbH - Bestes Kalbfleisch<\/title>\n<meta name=\"description\" content=\"Hier finden Sie das Impressum der Gassner GmbH. Wir stehen seit \u00fcber 60 Jahren f\u00fcr herausragende Qualit\u00e4t im Kalbfleischsektor.\" \/>\n<meta name=\"robots\" content=\"index, follow, max-snippet:-1, max-image-preview:large, max-video-preview:-1\" \/>\n<link rel=\"canonical\" href=\"https:\/\/www.gassnerkalbfleisch.at\/en\/impressum-datenschutz\/\" \/>\n<meta property=\"og:locale\" content=\"en_US\" \/>\n<meta property=\"og:type\" content=\"article\" \/>\n<meta property=\"og:title\" content=\"Impressum &amp; Datenschutz - Gassner GmbH - Bestes Kalbfleisch\" \/>\n<meta property=\"og:description\" content=\"Hier finden Sie das Impressum der Gassner GmbH. Wir stehen seit \u00fcber 60 Jahren f\u00fcr herausragende Qualit\u00e4t im Kalbfleischsektor.\" \/>\n<meta property=\"og:url\" content=\"https:\/\/www.gassnerkalbfleisch.at\/en\/impressum-datenschutz\/\" \/>\n<meta property=\"og:site_name\" content=\"Gassner GmbH - Bestes Kalbfleisch\" \/>\n<meta property=\"article:modified_time\" content=\"2022-08-31T14:27:12+00:00\" \/>\n<meta name=\"twitter:card\" content=\"summary_large_image\" \/>\n<meta name=\"twitter:label1\" content=\"Est. reading time\" \/>\n\t<meta name=\"twitter:data1\" content=\"5 minutes\" \/>\n<script type=\"application\/ld+json\" class=\"yoast-schema-graph\">{\"@context\":\"https:\\\/\\\/schema.org\",\"@graph\":[{\"@type\":\"WebPage\",\"@id\":\"https:\\\/\\\/www.gassnerkalbfleisch.at\\\/impressum-datenschutz\\\/\",\"url\":\"https:\\\/\\\/www.gassnerkalbfleisch.at\\\/impressum-datenschutz\\\/\",\"name\":\"Impressum & Datenschutz - Gassner GmbH - Bestes Kalbfleisch\",\"isPartOf\":{\"@id\":\"https:\\\/\\\/www.gassnerkalbfleisch.at\\\/#website\"},\"datePublished\":\"2022-05-23T08:56:36+00:00\",\"dateModified\":\"2022-08-31T14:27:12+00:00\",\"description\":\"Hier finden Sie das Impressum der Gassner GmbH. Wir stehen seit \u00fcber 60 Jahren f\u00fcr herausragende Qualit\u00e4t im Kalbfleischsektor.\",\"breadcrumb\":{\"@id\":\"https:\\\/\\\/www.gassnerkalbfleisch.at\\\/impressum-datenschutz\\\/#breadcrumb\"},\"inLanguage\":\"en-US\",\"potentialAction\":[{\"@type\":\"ReadAction\",\"target\":[\"https:\\\/\\\/www.gassnerkalbfleisch.at\\\/impressum-datenschutz\\\/\"]}]},{\"@type\":\"BreadcrumbList\",\"@id\":\"https:\\\/\\\/www.gassnerkalbfleisch.at\\\/impressum-datenschutz\\\/#breadcrumb\",\"itemListElement\":[{\"@type\":\"ListItem\",\"position\":1,\"name\":\"Startseite\",\"item\":\"https:\\\/\\\/www.gassnerkalbfleisch.at\\\/\"},{\"@type\":\"ListItem\",\"position\":2,\"name\":\"Impressum &#038; Datenschutz\"}]},{\"@type\":\"WebSite\",\"@id\":\"https:\\\/\\\/www.gassnerkalbfleisch.at\\\/#website\",\"url\":\"https:\\\/\\\/www.gassnerkalbfleisch.at\\\/\",\"name\":\"Gassner GmbH - Bestes Kalbfleisch\",\"description\":\"Gassner GmbH - Bestes Kalbfleisch\",\"publisher\":{\"@id\":\"https:\\\/\\\/www.gassnerkalbfleisch.at\\\/#organization\"},\"potentialAction\":[{\"@type\":\"SearchAction\",\"target\":{\"@type\":\"EntryPoint\",\"urlTemplate\":\"https:\\\/\\\/www.gassnerkalbfleisch.at\\\/?s={search_term_string}\"},\"query-input\":{\"@type\":\"PropertyValueSpecification\",\"valueRequired\":true,\"valueName\":\"search_term_string\"}}],\"inLanguage\":\"en-US\"},{\"@type\":\"Organization\",\"@id\":\"https:\\\/\\\/www.gassnerkalbfleisch.at\\\/#organization\",\"name\":\"Gassner GmbH - Bestes Kalbfleisch\",\"url\":\"https:\\\/\\\/www.gassnerkalbfleisch.at\\\/\",\"logo\":{\"@type\":\"ImageObject\",\"inLanguage\":\"en-US\",\"@id\":\"https:\\\/\\\/www.gassnerkalbfleisch.at\\\/#\\\/schema\\\/logo\\\/image\\\/\",\"url\":\"https:\\\/\\\/www.gassnerkalbfleisch.at\\\/wp-content\\\/uploads\\\/2022\\\/05\\\/Gassner-GmbH-Logo.svg\",\"contentUrl\":\"https:\\\/\\\/www.gassnerkalbfleisch.at\\\/wp-content\\\/uploads\\\/2022\\\/05\\\/Gassner-GmbH-Logo.svg\",\"width\":676,\"height\":87,\"caption\":\"Gassner GmbH - Bestes Kalbfleisch\"},\"image\":{\"@id\":\"https:\\\/\\\/www.gassnerkalbfleisch.at\\\/#\\\/schema\\\/logo\\\/image\\\/\"}}]}<\/script>\n<!-- \/ Yoast SEO plugin. -->","yoast_head_json":{"title":"Impressum & Datenschutz - Gassner GmbH - Bestes Kalbfleisch","description":"Hier finden Sie das Impressum der Gassner GmbH. Wir stehen seit \u00fcber 60 Jahren f\u00fcr herausragende Qualit\u00e4t im Kalbfleischsektor.","robots":{"index":"index","follow":"follow","max-snippet":"max-snippet:-1","max-image-preview":"max-image-preview:large","max-video-preview":"max-video-preview:-1"},"canonical":"https:\/\/www.gassnerkalbfleisch.at\/en\/impressum-datenschutz\/","og_locale":"en_US","og_type":"article","og_title":"Impressum & Datenschutz - Gassner GmbH - Bestes Kalbfleisch","og_description":"Hier finden Sie das Impressum der Gassner GmbH. Wir stehen seit \u00fcber 60 Jahren f\u00fcr herausragende Qualit\u00e4t im Kalbfleischsektor.","og_url":"https:\/\/www.gassnerkalbfleisch.at\/en\/impressum-datenschutz\/","og_site_name":"Gassner GmbH - Bestes Kalbfleisch","article_modified_time":"2022-08-31T14:27:12+00:00","twitter_card":"summary_large_image","twitter_misc":{"Est. reading time":"5 minutes"},"schema":{"@context":"https:\/\/schema.org","@graph":[{"@type":"WebPage","@id":"https:\/\/www.gassnerkalbfleisch.at\/impressum-datenschutz\/","url":"https:\/\/www.gassnerkalbfleisch.at\/impressum-datenschutz\/","name":"Impressum & Datenschutz - Gassner GmbH - Bestes Kalbfleisch","isPartOf":{"@id":"https:\/\/www.gassnerkalbfleisch.at\/#website"},"datePublished":"2022-05-23T08:56:36+00:00","dateModified":"2022-08-31T14:27:12+00:00","description":"Hier finden Sie das Impressum der Gassner GmbH. Wir stehen seit \u00fcber 60 Jahren f\u00fcr herausragende Qualit\u00e4t im Kalbfleischsektor.","breadcrumb":{"@id":"https:\/\/www.gassnerkalbfleisch.at\/impressum-datenschutz\/#breadcrumb"},"inLanguage":"en-US","potentialAction":[{"@type":"ReadAction","target":["https:\/\/www.gassnerkalbfleisch.at\/impressum-datenschutz\/"]}]},{"@type":"BreadcrumbList","@id":"https:\/\/www.gassnerkalbfleisch.at\/impressum-datenschutz\/#breadcrumb","itemListElement":[{"@type":"ListItem","position":1,"name":"Startseite","item":"https:\/\/www.gassnerkalbfleisch.at\/"},{"@type":"ListItem","position":2,"name":"Impressum &#038; Datenschutz"}]},{"@type":"WebSite","@id":"https:\/\/www.gassnerkalbfleisch.at\/#website","url":"https:\/\/www.gassnerkalbfleisch.at\/","name":"Gassner GmbH - Bestes Kalbfleisch","description":"Gassner GmbH - Bestes Kalbfleisch","publisher":{"@id":"https:\/\/www.gassnerkalbfleisch.at\/#organization"},"potentialAction":[{"@type":"SearchAction","target":{"@type":"EntryPoint","urlTemplate":"https:\/\/www.gassnerkalbfleisch.at\/?s={search_term_string}"},"query-input":{"@type":"PropertyValueSpecification","valueRequired":true,"valueName":"search_term_string"}}],"inLanguage":"en-US"},{"@type":"Organization","@id":"https:\/\/www.gassnerkalbfleisch.at\/#organization","name":"Gassner GmbH - Bestes Kalbfleisch","url":"https:\/\/www.gassnerkalbfleisch.at\/","logo":{"@type":"ImageObject","inLanguage":"en-US","@id":"https:\/\/www.gassnerkalbfleisch.at\/#\/schema\/logo\/image\/","url":"https:\/\/www.gassnerkalbfleisch.at\/wp-content\/uploads\/2022\/05\/Gassner-GmbH-Logo.svg","contentUrl":"https:\/\/www.gassnerkalbfleisch.at\/wp-content\/uploads\/2022\/05\/Gassner-GmbH-Logo.svg","width":676,"height":87,"caption":"Gassner GmbH - Bestes Kalbfleisch"},"image":{"@id":"https:\/\/www.gassnerkalbfleisch.at\/#\/schema\/logo\/image\/"}}]}},"_links":{"self":[{"href":"https:\/\/www.gassnerkalbfleisch.at\/en\/wp-json\/wp\/v2\/pages\/264","targetHints":{"allow":["GET"]}}],"collection":[{"href":"https:\/\/www.gassnerkalbfleisch.at\/en\/wp-json\/wp\/v2\/pages"}],"about":[{"href":"https:\/\/www.gassnerkalbfleisch.at\/en\/wp-json\/wp\/v2\/types\/page"}],"author":[{"embeddable":true,"href":"https:\/\/www.gassnerkalbfleisch.at\/en\/wp-json\/wp\/v2\/users\/1"}],"replies":[{"embeddable":true,"href":"https:\/\/www.gassnerkalbfleisch.at\/en\/wp-json\/wp\/v2\/comments?post=264"}],"version-history":[{"count":39,"href":"https:\/\/www.gassnerkalbfleisch.at\/en\/wp-json\/wp\/v2\/pages\/264\/revisions"}],"predecessor-version":[{"id":2069,"href":"https:\/\/www.gassnerkalbfleisch.at\/en\/wp-json\/wp\/v2\/pages\/264\/revisions\/2069"}],"wp:attachment":[{"href":"https:\/\/www.gassnerkalbfleisch.at\/en\/wp-json\/wp\/v2\/media?parent=264"}],"curies":[{"name":"wp","href":"https:\/\/api.w.org\/{rel}","templated":true}]}}